{"id":781,"date":"2025-01-03T22:53:56","date_gmt":"2025-01-03T21:53:56","guid":{"rendered":"https:\/\/mensa-cortes.com\/?page_id=781"},"modified":"2025-02-06T11:47:28","modified_gmt":"2025-02-06T10:47:28","slug":"gestes-et-postures","status":"publish","type":"page","link":"https:\/\/mensa-cortes.com\/?page_id=781","title":{"rendered":"Gestes et Postures"},"content":{"rendered":"\n<blockquote class=\"wp-block-quote is-layout-flow wp-block-quote-is-layout-flow\">\n<hr class=\"wp-block-separator has-css-opacity is-style-default\"\/>\n\n\n<div class=\"wp-block-image is-style-rounded\">\n<figure class=\"alignleft size-full is-resized\"><img loading=\"lazy\" decoding=\"async\" width=\"1024\" height=\"1024\" src=\"http:\/\/mensa-cortes.com\/wp-content\/uploads\/2025\/02\/Photo-GP-Posture-dos.jpg\" alt=\"\" class=\"wp-image-973\" style=\"width:254px;height:auto\" srcset=\"https:\/\/mensa-cortes.com\/wp-content\/uploads\/2025\/02\/Photo-GP-Posture-dos.jpg 1024w, https:\/\/mensa-cortes.com\/wp-content\/uploads\/2025\/02\/Photo-GP-Posture-dos-300x300.jpg 300w, https:\/\/mensa-cortes.com\/wp-content\/uploads\/2025\/02\/Photo-GP-Posture-dos-150x150.jpg 150w, https:\/\/mensa-cortes.com\/wp-content\/uploads\/2025\/02\/Photo-GP-Posture-dos-768x768.jpg 768w, https:\/\/mensa-cortes.com\/wp-content\/uploads\/2025\/02\/Photo-GP-Posture-dos-100x100.jpg 100w\" sizes=\"auto, (max-width: 767px) 89vw, (max-width: 1000px) 54vw, (max-width: 1071px) 543px, 580px\" \/><\/figure><\/div>\n\n\n<blockquote class=\"wp-block-quote has-text-align-center is-style-large is-layout-flow wp-block-quote-is-layout-flow\">\n<p>\u00ab&nbsp;<em>Prends soin de ton corps.<\/em> <\/p>\n\n\n\n<p><em>C\u2019est le seul endroit o\u00f9 tu dois vivre.<\/em>&nbsp;\u00bb<\/p>\n<cite>Jim Rohn, <em>entrepreneur am\u00e9ricain<\/em><\/cite><\/blockquote>\n\n\n\n<div style=\"height:10px\" aria-hidden=\"true\" class=\"wp-block-spacer\"><\/div>\n\n\n\n<hr class=\"wp-block-separator has-css-opacity is-style-default\"\/>\n<\/blockquote>\n\n\n\n<div class=\"wp-block-columns is-layout-flex wp-container-core-columns-is-layout-9d6595d7 wp-block-columns-is-layout-flex\">\n<div class=\"wp-block-column is-layout-flow wp-block-column-is-layout-flow\" style=\"flex-basis:66.66%\">\n<p>La formation <strong>Gestes et Postures<\/strong> vise \u00e0 pr\u00e9venir les troubles musculo-squelettiques. Elle rev\u00eat une <strong>importance cruciale dans le milieu professionnel<\/strong>, tant pour la sant\u00e9 des employ\u00e9s que pour la performance de l\u2019entreprise.<\/p>\n\n\n\n<p>D\u2019apr\u00e8s Sant\u00e9 publique France, <em>\u00ab les troubles musculo-squelettiques (TMS) constituent la premi\u00e8re cause de morbidit\u00e9<\/em> <em>li\u00e9e au travail et la premi\u00e8re cause de maladies professionnelles indemnis\u00e9es avec 88 % des maladies professionnelles<\/em> <em>reconnues par le r\u00e9gime g\u00e9n\u00e9ral. (\u2026) 3 femmes sur 5 et 1 homme sur 2 d\u00e9clarent des douleurs li\u00e9es aux TMS <\/em><sup data-fn=\"b376ba8f-e551-4352-864f-f38d9e7bfe7c\" class=\"fn\"><a href=\"#b376ba8f-e551-4352-864f-f38d9e7bfe7c\" id=\"b376ba8f-e551-4352-864f-f38d9e7bfe7c-link\">1<\/a><\/sup><em> \u00bb<\/em>.<\/p>\n\n\n\n<p><strong>Dur\u00e9e de la formation :<\/strong> <strong>7 heures<\/strong>, soit 1 journ\u00e9e<\/p>\n\n\n\n<p><strong>Dur\u00e9e de validit\u00e9 :<\/strong> Aucune validit\u00e9<\/p>\n\n\n\n<p><strong>Nombre de participants :<\/strong> de 2 \u00e0 10 personnes <\/p>\n\n\n\n<p><strong>Pr\u00e9-requis :<\/strong> aucun pr\u00e9-requis n&rsquo;est exig\u00e9 pour suivre la formation Gestes et Postures<\/p>\n\n\n\n<p><strong>Profil : <\/strong>tout salari\u00e9 peut suivre la formation Gestes et Postures<\/p>\n\n\n\n<p><strong>Tarif : <\/strong>devis sur simple demande<\/p>\n\n\n\n<div style=\"height:114px\" aria-hidden=\"true\" class=\"wp-block-spacer\"><\/div>\n\n\n\n<div class=\"wp-block-buttons is-content-justification-center is-layout-flex wp-container-core-buttons-is-layout-16018d1d wp-block-buttons-is-layout-flex\">\n<div class=\"wp-block-button is-style-outline is-style-outline--1\"><a class=\"wp-block-button__link wp-element-button\"><mark style=\"background-color:rgba(0, 0, 0, 0);color:#cc7f00\" class=\"has-inline-color\">Je m&rsquo;inscris !<\/mark><\/a><\/div>\n<\/div>\n<\/div>\n\n\n\n<div class=\"wp-block-column is-vertically-aligned-top is-layout-flow wp-block-column-is-layout-flow\" style=\"flex-basis:33.33%\">\n<div data-wp-interactive=\"core\/file\" class=\"wp-block-file\"><object data-wp-bind--hidden=\"!state.hasPdfPreview\" hidden class=\"wp-block-file__embed\" data=\"https:\/\/mensa-cortes.com\/wp-content\/uploads\/2025\/02\/MC-Plaquette-GP-2025.pdf\" type=\"application\/pdf\" style=\"width:100%;height:600px\" aria-label=\"Contenu embarqu\u00e9 MC-Plaquette-GP-2025.\"><\/object><a id=\"wp-block-file--media-e25f1c2d-0e43-4c0d-9d55-0ef7f7daf335\" href=\"https:\/\/mensa-cortes.com\/wp-content\/uploads\/2025\/02\/MC-Plaquette-GP-2025.pdf\">MC-Plaquette-GP-2025<\/a><a href=\"https:\/\/mensa-cortes.com\/wp-content\/uploads\/2025\/02\/MC-Plaquette-GP-2025.pdf\" class=\"wp-block-file__button wp-element-button\" download aria-describedby=\"wp-block-file--media-e25f1c2d-0e43-4c0d-9d55-0ef7f7daf335\">T\u00e9l\u00e9charger<\/a><\/div>\n<\/div>\n<\/div>\n\n\n<ol class=\"wp-block-footnotes\"><li id=\"b376ba8f-e551-4352-864f-f38d9e7bfe7c\"><em>Source : <a href=\"https:\/\/www.santepubliquefrance.fr\/les-actualites\/2024\/troubles-musculo-squelettiques-en-france-ou-en-est-on\" target=\"_blank\" rel=\"noreferrer noopener\">https:\/\/www.santepublique<\/a><\/em><a href=\"https:\/\/www.santepubliquefrance.fr\/les-actualites\/2024\/troubles-musculo-squelettiques-en-france-ou-en-est-on\" target=\"_blank\" rel=\"noreferrer noopener\"><em>france.fr\/les-actualites\/2024\/troubles-musculo-squelettiques-en-france-ou-en-est-on<\/em><\/a> <a href=\"#b376ba8f-e551-4352-864f-f38d9e7bfe7c-link\" aria-label=\"Aller \u00e0 la note de bas de page 1\">\u21a9\ufe0e<\/a><\/li><\/ol>","protected":false},"excerpt":{"rendered":"<p>La formation Gestes et Postures vise \u00e0 pr\u00e9venir les troubles musculo-squelettiques. Elle rev\u00eat une importance cruciale dans le milieu professionnel, tant pour la sant\u00e9 des employ\u00e9s que pour la performance de l\u2019entreprise. D\u2019apr\u00e8s Sant\u00e9 publique France, \u00ab les troubles musculo-squelettiques (TMS) constituent la premi\u00e8re cause de morbidit\u00e9 li\u00e9e au travail et la premi\u00e8re cause de &hellip; <\/p>\n<p class=\"link-more\"><a href=\"https:\/\/mensa-cortes.com\/?page_id=781\" class=\"more-link\">Continuer la lecture<span class=\"screen-reader-text\"> de &laquo;&nbsp;Gestes et Postures&nbsp;&raquo;<\/span><\/a><\/p>\n","protected":false},"author":2,"featured_media":0,"parent":0,"menu_order":0,"comment_status":"closed","ping_status":"closed","template":"","meta":{"footnotes":"[{\"content\":\"<em>Source : <a href=\\\"https:\/\/www.santepubliquefrance.fr\/les-actualites\/2024\/troubles-musculo-squelettiques-en-france-ou-en-est-on\\\" target=\\\"_blank\\\" rel=\\\"noreferrer noopener\\\">https:\/\/www.santepublique<\/a><\/em><a href=\\\"https:\/\/www.santepubliquefrance.fr\/les-actualites\/2024\/troubles-musculo-squelettiques-en-france-ou-en-est-on\\\" target=\\\"_blank\\\" rel=\\\"noreferrer noopener\\\"><em>france.fr\/les-actualites\/2024\/troubles-musculo-squelettiques-en-france-ou-en-est-on<\/em><\/a>\",\"id\":\"b376ba8f-e551-4352-864f-f38d9e7bfe7c\"}]"},"class_list":["post-781","page","type-page","status-publish","hentry"],"jetpack_sharing_enabled":true,"_links":{"self":[{"href":"https:\/\/mensa-cortes.com\/index.php?rest_route=\/wp\/v2\/pages\/781","targetHints":{"allow":["GET"]}}],"collection":[{"href":"https:\/\/mensa-cortes.com\/index.php?rest_route=\/wp\/v2\/pages"}],"about":[{"href":"https:\/\/mensa-cortes.com\/index.php?rest_route=\/wp\/v2\/types\/page"}],"author":[{"embeddable":true,"href":"https:\/\/mensa-cortes.com\/index.php?rest_route=\/wp\/v2\/users\/2"}],"replies":[{"embeddable":true,"href":"https:\/\/mensa-cortes.com\/index.php?rest_route=%2Fwp%2Fv2%2Fcomments&post=781"}],"version-history":[{"count":14,"href":"https:\/\/mensa-cortes.com\/index.php?rest_route=\/wp\/v2\/pages\/781\/revisions"}],"predecessor-version":[{"id":980,"href":"https:\/\/mensa-cortes.com\/index.php?rest_route=\/wp\/v2\/pages\/781\/revisions\/980"}],"wp:attachment":[{"href":"https:\/\/mensa-cortes.com\/index.php?rest_route=%2Fwp%2Fv2%2Fmedia&parent=781"}],"curies":[{"name":"wp","href":"https:\/\/api.w.org\/{rel}","templated":true}]}}