{"id":777,"date":"2025-01-03T22:53:56","date_gmt":"2025-01-03T21:53:56","guid":{"rendered":"https:\/\/mensa-cortes.com\/?page_id=777"},"modified":"2025-02-06T11:55:36","modified_gmt":"2025-02-06T10:55:36","slug":"sst-initiale","status":"publish","type":"page","link":"https:\/\/mensa-cortes.com\/?page_id=777","title":{"rendered":"Formation SST Initiale"},"content":{"rendered":"\n<blockquote class=\"wp-block-quote is-layout-flow wp-block-quote-is-layout-flow\">\n<blockquote class=\"wp-block-quote is-layout-flow wp-block-quote-is-layout-flow\">\n<hr class=\"wp-block-separator has-css-opacity is-style-default\"\/>\n\n\n<div class=\"wp-block-image is-style-rounded\">\n<figure class=\"alignleft size-full is-resized\"><img loading=\"lazy\" decoding=\"async\" width=\"2016\" height=\"1512\" src=\"http:\/\/mensa-cortes.com\/wp-content\/uploads\/2025\/02\/Massage-cardiaque-1.jpg\" alt=\"\" class=\"wp-image-985\" style=\"width:249px;height:auto\" srcset=\"https:\/\/mensa-cortes.com\/wp-content\/uploads\/2025\/02\/Massage-cardiaque-1.jpg 2016w, https:\/\/mensa-cortes.com\/wp-content\/uploads\/2025\/02\/Massage-cardiaque-1-300x225.jpg 300w, https:\/\/mensa-cortes.com\/wp-content\/uploads\/2025\/02\/Massage-cardiaque-1-1024x768.jpg 1024w, https:\/\/mensa-cortes.com\/wp-content\/uploads\/2025\/02\/Massage-cardiaque-1-768x576.jpg 768w, https:\/\/mensa-cortes.com\/wp-content\/uploads\/2025\/02\/Massage-cardiaque-1-1536x1152.jpg 1536w\" sizes=\"auto, (max-width: 767px) 89vw, (max-width: 1000px) 54vw, (max-width: 1071px) 543px, 580px\" \/><\/figure><\/div>\n\n\n<blockquote class=\"wp-block-quote has-text-align-center is-style-large is-layout-flow wp-block-quote-is-layout-flow\">\n<p><em>\u00ab C\u2019est au centre de ton c\u0153ur que la vie commence, <\/em><\/p>\n\n\n\n<p><em>c\u2019est le plus bel endroit du monde. \u00bb<\/em><\/p>\n<cite>Djal\u00e2l Al-D\u00een R\u00fbmi, po\u00e8te persan<\/cite><\/blockquote>\n\n\n\n<div style=\"height:10px\" aria-hidden=\"true\" class=\"wp-block-spacer\"><\/div>\n<\/blockquote>\n<\/blockquote>\n\n\n\n<div class=\"wp-block-columns is-layout-flex wp-container-core-columns-is-layout-9d6595d7 wp-block-columns-is-layout-flex\">\n<div class=\"wp-block-column is-layout-flow wp-block-column-is-layout-flow\" style=\"flex-basis:66.66%\">\n<p class=\"has-text-align-left\">D&rsquo;apr\u00e8s le Minist\u00e8re du travail, de la sant\u00e9, des solidarit\u00e9s et des familles, en 2022, <em>\u00ab\u00a0559 812 accidents du travail ont \u00e9t\u00e9 d\u00e9clar\u00e9s pour les salari\u00e9s du r\u00e9gime g\u00e9n\u00e9ral et du r\u00e9gime agricole, dont 38 022 accidents du travail laissant des s\u00e9quelles durables pour la victime. 789 d\u00e9c\u00e8s sont \u00e0 d\u00e9plorer\u00a0\u00bb<\/em><sup data-fn=\"e4f8808e-7b23-4ec2-a98e-2fa28b85327a\" class=\"fn\"><a href=\"#e4f8808e-7b23-4ec2-a98e-2fa28b85327a\" id=\"e4f8808e-7b23-4ec2-a98e-2fa28b85327a-link\">1<\/a><\/sup>. <\/p>\n\n\n\n<p class=\"has-text-align-left\">Dans ce contexte, la formation initiale <strong>Sauveteur Secouriste du Travail (SST)<\/strong> est un outil pr\u00e9cieux entre les mains des chefs d\u2019entreprise et profite \u00e0 toute la soci\u00e9t\u00e9. Elle permet aux salari\u00e9s de devenir des acteurs de pr\u00e9vention, form\u00e9s \u00e0 des outils efficaces comme les <strong>neufs principes g\u00e9n\u00e9raux de pr\u00e9vention<\/strong> d\u00e9finis par le Code du travail et le m\u00e9canisme d\u2019apparition du dommage.<\/p>\n\n\n\n<p><strong>Dur\u00e9e de la formation :<\/strong> 14 heures, soit 2 jours<\/p>\n\n\n\n<p><strong>Dur\u00e9e de validit\u00e9 :<\/strong> 2 ans<\/p>\n\n\n\n<p><strong>Nombre de participants :<\/strong> de 4 \u00e0 10 personnes <\/p>\n\n\n\n<p><strong>Pr\u00e9-requis :<\/strong> aucun pr\u00e9-requis n&rsquo;est exig\u00e9 pour suivre la formation initiale SST<\/p>\n\n\n\n<p><strong>Profil : <\/strong>tout salari\u00e9 peut devenir sauveteur secouriste du travail (SST)<\/p>\n\n\n\n<p><strong>Tarif : <\/strong>devis sur simple demande<\/p>\n\n\n\n<div class=\"wp-block-buttons is-content-justification-center is-layout-flex wp-container-core-buttons-is-layout-16018d1d wp-block-buttons-is-layout-flex\">\n<div class=\"wp-block-button is-style-outline is-style-outline--1\"><a class=\"wp-block-button__link wp-element-button\" href=\"https:\/\/mensa-cortes.com\/wp-admin\/post.php?post=705&amp;action=edit\"><mark style=\"background-color:rgba(0, 0, 0, 0);color:#cc7f00\" class=\"has-inline-color\">Je m&rsquo;inscris !<\/mark><\/a><\/div>\n<\/div>\n<\/div>\n\n\n\n<div class=\"wp-block-column is-layout-flow wp-block-column-is-layout-flow\" style=\"flex-basis:33.33%\">\n<div data-wp-interactive=\"core\/file\" class=\"wp-block-file aligncenter\"><object data-wp-bind--hidden=\"!state.hasPdfPreview\" hidden class=\"wp-block-file__embed\" data=\"https:\/\/mensa-cortes.com\/wp-content\/uploads\/2025\/01\/MC-Plaquette-SST-Initiale-2025.pdf\" type=\"application\/pdf\" style=\"width:100%;height:600px\" aria-label=\"Contenu embarqu\u00e9 MC-Plaquette-SST-Initiale-2025.\"><\/object><a id=\"wp-block-file--media-7858be6e-b901-4758-854e-4b95d86f51cb\" href=\"https:\/\/mensa-cortes.com\/wp-content\/uploads\/2025\/01\/MC-Plaquette-SST-Initiale-2025.pdf\">MC-Plaquette-SST-Initiale-2025<\/a><a href=\"https:\/\/mensa-cortes.com\/wp-content\/uploads\/2025\/01\/MC-Plaquette-SST-Initiale-2025.pdf\" class=\"wp-block-file__button wp-element-button\" download aria-describedby=\"wp-block-file--media-7858be6e-b901-4758-854e-4b95d86f51cb\">T\u00e9l\u00e9chargez <\/a><\/div>\n<\/div>\n<\/div>\n\n\n<ol class=\"wp-block-footnotes\"><li id=\"e4f8808e-7b23-4ec2-a98e-2fa28b85327a\">Source : <em>https:\/\/travail-emploi.gouv.fr\/la-securite-des-salaries-cest-chaque-jour-que-lon-doit-y-penser<\/em> <a href=\"#e4f8808e-7b23-4ec2-a98e-2fa28b85327a-link\" aria-label=\"Aller \u00e0 la note de bas de page 1\">\u21a9\ufe0e<\/a><\/li><\/ol>","protected":false},"excerpt":{"rendered":"<p>D&rsquo;apr\u00e8s le Minist\u00e8re du travail, de la sant\u00e9, des solidarit\u00e9s et des familles, en 2022, \u00ab\u00a0559 812 accidents du travail ont \u00e9t\u00e9 d\u00e9clar\u00e9s pour les salari\u00e9s du r\u00e9gime g\u00e9n\u00e9ral et du r\u00e9gime agricole, dont 38 022 accidents du travail laissant des s\u00e9quelles durables pour la victime. 789 d\u00e9c\u00e8s sont \u00e0 d\u00e9plorer\u00a0\u00bb. Dans ce contexte, la &hellip; <\/p>\n<p class=\"link-more\"><a href=\"https:\/\/mensa-cortes.com\/?page_id=777\" class=\"more-link\">Continuer la lecture<span class=\"screen-reader-text\"> de &laquo;&nbsp;Formation SST Initiale&nbsp;&raquo;<\/span><\/a><\/p>\n","protected":false},"author":2,"featured_media":0,"parent":0,"menu_order":0,"comment_status":"closed","ping_status":"closed","template":"","meta":{"footnotes":"[{\"content\":\"Source : <em>https:\/\/travail-emploi.gouv.fr\/la-securite-des-salaries-cest-chaque-jour-que-lon-doit-y-penser<\/em>\",\"id\":\"e4f8808e-7b23-4ec2-a98e-2fa28b85327a\"}]"},"class_list":["post-777","page","type-page","status-publish","hentry"],"jetpack_sharing_enabled":true,"_links":{"self":[{"href":"https:\/\/mensa-cortes.com\/index.php?rest_route=\/wp\/v2\/pages\/777","targetHints":{"allow":["GET"]}}],"collection":[{"href":"https:\/\/mensa-cortes.com\/index.php?rest_route=\/wp\/v2\/pages"}],"about":[{"href":"https:\/\/mensa-cortes.com\/index.php?rest_route=\/wp\/v2\/types\/page"}],"author":[{"embeddable":true,"href":"https:\/\/mensa-cortes.com\/index.php?rest_route=\/wp\/v2\/users\/2"}],"replies":[{"embeddable":true,"href":"https:\/\/mensa-cortes.com\/index.php?rest_route=%2Fwp%2Fv2%2Fcomments&post=777"}],"version-history":[{"count":9,"href":"https:\/\/mensa-cortes.com\/index.php?rest_route=\/wp\/v2\/pages\/777\/revisions"}],"predecessor-version":[{"id":988,"href":"https:\/\/mensa-cortes.com\/index.php?rest_route=\/wp\/v2\/pages\/777\/revisions\/988"}],"wp:attachment":[{"href":"https:\/\/mensa-cortes.com\/index.php?rest_route=%2Fwp%2Fv2%2Fmedia&parent=777"}],"curies":[{"name":"wp","href":"https:\/\/api.w.org\/{rel}","templated":true}]}}