{"id":769,"date":"2025-01-03T22:33:53","date_gmt":"2025-01-03T21:33:53","guid":{"rendered":"https:\/\/mensa-cortes.com\/?page_id=769"},"modified":"2025-01-14T15:08:06","modified_gmt":"2025-01-14T14:08:06","slug":"les-experts-mensa-cortes","status":"publish","type":"page","link":"https:\/\/mensa-cortes.com\/?page_id=769","title":{"rendered":"Les experts Mensa Cortes"},"content":{"rendered":"\n<p><strong>Mensa Cortes<\/strong> a vu le jour gr\u00e2ce \u00e0 sa fondatrice M\u00e9lanie POIRRIER-VODUNGBO. Elle s&rsquo;est associ\u00e9e quelques ann\u00e9es plus tard avec Fabien POIRRIER, et s&rsquo;est toujours entour\u00e9e d&rsquo;une \u00e9quipe d&rsquo;experts pr\u00eats \u00e0 relever tous les d\u00e9fis. <\/p>\n\n\n\n<div style=\"height:30px\" aria-hidden=\"true\" class=\"wp-block-spacer\"><\/div>\n\n\n\n<div class=\"wp-block-columns is-layout-flex wp-container-core-columns-is-layout-9d6595d7 wp-block-columns-is-layout-flex\">\n<div class=\"wp-block-column is-layout-flow wp-block-column-is-layout-flow\" style=\"flex-basis:33.33%\">\n<figure class=\"wp-block-image size-large is-resized\"><img loading=\"lazy\" decoding=\"async\" width=\"1024\" height=\"682\" src=\"https:\/\/mensa-cortes.com\/wp-content\/uploads\/2025\/01\/MEL-1024x682.jpg\" alt=\"\" class=\"wp-image-848\" style=\"width:409px;height:auto\" srcset=\"https:\/\/mensa-cortes.com\/wp-content\/uploads\/2025\/01\/MEL-1024x682.jpg 1024w, https:\/\/mensa-cortes.com\/wp-content\/uploads\/2025\/01\/MEL-300x200.jpg 300w, https:\/\/mensa-cortes.com\/wp-content\/uploads\/2025\/01\/MEL-768x512.jpg 768w, https:\/\/mensa-cortes.com\/wp-content\/uploads\/2025\/01\/MEL-1536x1024.jpg 1536w, https:\/\/mensa-cortes.com\/wp-content\/uploads\/2025\/01\/MEL.jpg 1772w\" sizes=\"auto, (max-width: 767px) 89vw, (max-width: 1000px) 54vw, (max-width: 1071px) 543px, 580px\" \/><\/figure>\n<\/div>\n\n\n\n<div class=\"wp-block-column is-layout-flow wp-block-column-is-layout-flow\" style=\"flex-basis:66.66%\">\n<p><a href=\"https:\/\/www.linkedin.com\/in\/m%C3%A9lanie-poirrier-vodungbo-65a831ab\/\"><strong>M\u00e9lanie POIRRIER-VODUNGBO<\/strong><\/a>, fondatrice de <strong>Mensa Cortes<\/strong>, est en charge de la strat\u00e9gie marketing. Dipl\u00f4m\u00e9e d&rsquo;un Master 2 en Marketing et Strat\u00e9gie de marques, elle a d\u00e9velopp\u00e9 ses comp\u00e9tences dans la fili\u00e8re viticole champenoise, en travaillant notamment pour le Syndicat g\u00e9n\u00e9ral des vignerons de la Champagne. Forte de son exp\u00e9rience, elle a contribu\u00e9 \u00e0 former des centaines d&rsquo;\u00e9tudiants, entre autres pour l&rsquo;\u00c9cole internationale Tunon, pour l&rsquo;Universit\u00e9 Gustave Eiffel de Champs-sur-Marne et pour l&rsquo;Universit\u00e9 de Reims Champagne-Ardenne. Perfectionniste et soucieuse d&rsquo;apporter les solutions ad\u00e9quates \u00e0 ses clients, elle estime indispensable de se former continuellement. <\/p>\n\n\n\n<p><strong>Ses domaines d&rsquo;expertise : <\/strong>communication, gestion de conflits, gestion du stress,  marketing, prise de parole en public, gestes et postures.<\/p>\n<\/div>\n<\/div>\n\n\n\n<div style=\"height:30px\" aria-hidden=\"true\" class=\"wp-block-spacer\"><\/div>\n\n\n\n<div class=\"wp-block-columns is-layout-flex wp-container-core-columns-is-layout-9d6595d7 wp-block-columns-is-layout-flex\">\n<div class=\"wp-block-column is-layout-flow wp-block-column-is-layout-flow\" style=\"flex-basis:33.33%\">\n<figure class=\"wp-block-image size-large\"><img loading=\"lazy\" decoding=\"async\" width=\"1024\" height=\"787\" src=\"https:\/\/mensa-cortes.com\/wp-content\/uploads\/2025\/01\/FABIEN-Identite-1024x787.jpg\" alt=\"\" class=\"wp-image-822\" srcset=\"https:\/\/mensa-cortes.com\/wp-content\/uploads\/2025\/01\/FABIEN-Identite-1024x787.jpg 1024w, https:\/\/mensa-cortes.com\/wp-content\/uploads\/2025\/01\/FABIEN-Identite-300x230.jpg 300w, https:\/\/mensa-cortes.com\/wp-content\/uploads\/2025\/01\/FABIEN-Identite-768x590.jpg 768w, https:\/\/mensa-cortes.com\/wp-content\/uploads\/2025\/01\/FABIEN-Identite-1536x1180.jpg 1536w, https:\/\/mensa-cortes.com\/wp-content\/uploads\/2025\/01\/FABIEN-Identite.jpg 1648w\" sizes=\"auto, (max-width: 767px) 89vw, (max-width: 1000px) 54vw, (max-width: 1071px) 543px, 580px\" \/><\/figure>\n<\/div>\n\n\n\n<div class=\"wp-block-column is-vertically-aligned-stretch is-layout-flow wp-block-column-is-layout-flow\" style=\"flex-basis:66.66%\">\n<p><a href=\"https:\/\/www.linkedin.com\/in\/fabien-poirrier\/\" data-type=\"link\" data-id=\"https:\/\/www.linkedin.com\/in\/fabien-poirrier\/\"><strong>Fabien POIRRIER<\/strong><\/a>, associ\u00e9 chez <strong>Mensa Cortes<\/strong>, est le sp\u00e9cialiste pr\u00e9vention et s\u00e9curit\u00e9 de la marque. Il a pass\u00e9 plusieurs ann\u00e9es dans le Minist\u00e8re de l&rsquo;\u00c9ducation nationale. En tant que professeur d&rsquo;histoire g\u00e9ographie, puis comme formateur dans l&rsquo;enseignement sup\u00e9rieur, il a accompagn\u00e9 plusieurs centaines d&rsquo;\u00e9l\u00e8ves et d&rsquo;\u00e9tudiants dans leur parcours. Il a par la suite r\u00e9alis\u00e9 une reconversion professionnelle pour devenir formateur Sauveteur Secouriste du Travail (SST) certifi\u00e9 par l&rsquo;INRS<sup data-fn=\"999ac792-0e46-4311-9fc5-e3bc0b80e5aa\" class=\"fn\"><a href=\"#999ac792-0e46-4311-9fc5-e3bc0b80e5aa\" id=\"999ac792-0e46-4311-9fc5-e3bc0b80e5aa-link\">1<\/a><\/sup>. Depuis, il continue \u00e0 se former et \u00e0 d\u00e9velopper ses comp\u00e9tences dans le domaine de la pr\u00e9vention et du secours.<\/p>\n\n\n\n<p><strong>Ses domaines d&rsquo;expertise :<\/strong> les formations SST, gestes et postures, B0H0v, habilitation m\u00e9canique, culture g\u00e9n\u00e9rale et expression, prise de parole en public, pr\u00e9paration \u00e0 la certification Voltaire.<\/p>\n<\/div>\n<\/div>\n\n\n\n<div style=\"height:30px\" aria-hidden=\"true\" class=\"wp-block-spacer\"><\/div>\n\n\n<ol class=\"wp-block-footnotes\"><li id=\"999ac792-0e46-4311-9fc5-e3bc0b80e5aa\"><em>Institut National de Recherche et de S\u00e9curit\u00e9 pour la pr\u00e9vention des accidents du travail et des maladies professionnelles.<\/em> <a href=\"#999ac792-0e46-4311-9fc5-e3bc0b80e5aa-link\" aria-label=\"Aller \u00e0 la note de bas de page 1\">\u21a9\ufe0e<\/a><\/li><\/ol>","protected":false},"excerpt":{"rendered":"<p>Mensa Cortes a vu le jour gr\u00e2ce \u00e0 sa fondatrice M\u00e9lanie POIRRIER-VODUNGBO. Elle s&rsquo;est associ\u00e9e quelques ann\u00e9es plus tard avec Fabien POIRRIER, et s&rsquo;est toujours entour\u00e9e d&rsquo;une \u00e9quipe d&rsquo;experts pr\u00eats \u00e0 relever tous les d\u00e9fis. M\u00e9lanie POIRRIER-VODUNGBO, fondatrice de Mensa Cortes, est en charge de la strat\u00e9gie marketing. Dipl\u00f4m\u00e9e d&rsquo;un Master 2 en Marketing et &hellip; <\/p>\n<p class=\"link-more\"><a href=\"https:\/\/mensa-cortes.com\/?page_id=769\" class=\"more-link\">Continuer la lecture<span class=\"screen-reader-text\"> de &laquo;&nbsp;Les experts Mensa Cortes&nbsp;&raquo;<\/span><\/a><\/p>\n","protected":false},"author":2,"featured_media":0,"parent":0,"menu_order":0,"comment_status":"closed","ping_status":"closed","template":"","meta":{"footnotes":"[{\"content\":\"<em>Institut National de Recherche et de S\u00e9curit\u00e9 pour la pr\u00e9vention des accidents du travail et des maladies professionnelles.<\/em>\",\"id\":\"999ac792-0e46-4311-9fc5-e3bc0b80e5aa\"}]"},"class_list":["post-769","page","type-page","status-publish","hentry"],"jetpack_sharing_enabled":true,"_links":{"self":[{"href":"https:\/\/mensa-cortes.com\/index.php?rest_route=\/wp\/v2\/pages\/769","targetHints":{"allow":["GET"]}}],"collection":[{"href":"https:\/\/mensa-cortes.com\/index.php?rest_route=\/wp\/v2\/pages"}],"about":[{"href":"https:\/\/mensa-cortes.com\/index.php?rest_route=\/wp\/v2\/types\/page"}],"author":[{"embeddable":true,"href":"https:\/\/mensa-cortes.com\/index.php?rest_route=\/wp\/v2\/users\/2"}],"replies":[{"embeddable":true,"href":"https:\/\/mensa-cortes.com\/index.php?rest_route=%2Fwp%2Fv2%2Fcomments&post=769"}],"version-history":[{"count":11,"href":"https:\/\/mensa-cortes.com\/index.php?rest_route=\/wp\/v2\/pages\/769\/revisions"}],"predecessor-version":[{"id":879,"href":"https:\/\/mensa-cortes.com\/index.php?rest_route=\/wp\/v2\/pages\/769\/revisions\/879"}],"wp:attachment":[{"href":"https:\/\/mensa-cortes.com\/index.php?rest_route=%2Fwp%2Fv2%2Fmedia&parent=769"}],"curies":[{"name":"wp","href":"https:\/\/api.w.org\/{rel}","templated":true}]}}