{"id":705,"date":"2025-01-03T10:22:20","date_gmt":"2025-01-03T09:22:20","guid":{"rendered":"https:\/\/mensa-cortes.com\/?page_id=705"},"modified":"2025-01-14T15:07:35","modified_gmt":"2025-01-14T14:07:35","slug":"contact-2","status":"publish","type":"page","link":"https:\/\/mensa-cortes.com\/?page_id=705","title":{"rendered":"R\u00e9servation d&rsquo;une formation"},"content":{"rendered":"\n<p class=\"has-text-align-center\">Vous souhaitez vous inscrire \u00e0 une prochaine formation, ou en r\u00e9server une pour vos \u00e9quipe ? <\/p>\n\n\n\n<p class=\"has-text-align-center\"><strong>R\u00c9SERVEZ D\u00c8S \u00c0 PR\u00c9SENT VOTRE FORMATION ! <\/strong><\/p>\n\n\n\n<div style=\"height:30px\" aria-hidden=\"true\" class=\"wp-block-spacer\"><\/div>\n\n\n<div class=\"wp-block-jetpack-contact-form is-layout-flex wp-container-jetpack-contact-form-is-layout-026b38f8 wp-block-contact-form-is-layout-flex\"><a href=\"https:\/\/mensa-cortes.com\/?page_id=705\" target=\"_blank\" rel=\"noopener noreferrer\">Soumettre un formulaire.<\/a><\/div>\n\n\n<div class=\"wp-block-columns is-layout-flex wp-container-core-columns-is-layout-9d6595d7 wp-block-columns-is-layout-flex\">\n<div class=\"wp-block-column is-layout-flow wp-block-column-is-layout-flow\">\n<div class=\"wp-block-buttons is-content-justification-center is-layout-flex wp-container-core-buttons-is-layout-16018d1d wp-block-buttons-is-layout-flex\">\n<div class=\"wp-block-button is-style-outline is-style-outline--1\"><a class=\"wp-block-button__link wp-element-button\" href=\"https:\/\/mensa-cortes.com\/wp-admin\/post.php?post=705&amp;action=edit\" target=\"_blank\" rel=\"noreferrer noopener\"><mark style=\"background-color:rgba(0, 0, 0, 0);color:#cc7f00\" class=\"has-inline-color\">Je r\u00e9serve ma formation ! <\/mark><\/a><\/div>\n<\/div>\n<\/div>\n<\/div>\n","protected":false},"excerpt":{"rendered":"<p>Vous souhaitez vous inscrire \u00e0 une prochaine formation, ou en r\u00e9server une pour vos \u00e9quipe ? R\u00c9SERVEZ D\u00c8S \u00c0 PR\u00c9SENT VOTRE FORMATION !<\/p>\n","protected":false},"author":2,"featured_media":0,"parent":0,"menu_order":0,"comment_status":"closed","ping_status":"closed","template":"","meta":{"footnotes":""},"class_list":["post-705","page","type-page","status-publish","hentry"],"jetpack_sharing_enabled":true,"_links":{"self":[{"href":"https:\/\/mensa-cortes.com\/index.php?rest_route=\/wp\/v2\/pages\/705","targetHints":{"allow":["GET"]}}],"collection":[{"href":"https:\/\/mensa-cortes.com\/index.php?rest_route=\/wp\/v2\/pages"}],"about":[{"href":"https:\/\/mensa-cortes.com\/index.php?rest_route=\/wp\/v2\/types\/page"}],"author":[{"embeddable":true,"href":"https:\/\/mensa-cortes.com\/index.php?rest_route=\/wp\/v2\/users\/2"}],"replies":[{"embeddable":true,"href":"https:\/\/mensa-cortes.com\/index.php?rest_route=%2Fwp%2Fv2%2Fcomments&post=705"}],"version-history":[{"count":12,"href":"https:\/\/mensa-cortes.com\/index.php?rest_route=\/wp\/v2\/pages\/705\/revisions"}],"predecessor-version":[{"id":878,"href":"https:\/\/mensa-cortes.com\/index.php?rest_route=\/wp\/v2\/pages\/705\/revisions\/878"}],"wp:attachment":[{"href":"https:\/\/mensa-cortes.com\/index.php?rest_route=%2Fwp%2Fv2%2Fmedia&parent=705"}],"curies":[{"name":"wp","href":"https:\/\/api.w.org\/{rel}","templated":true}]}}